{"id":40,"date":"2020-05-12T15:23:12","date_gmt":"2020-05-12T13:23:12","guid":{"rendered":"http:\/\/test.stoll-maschinenbau.de\/?page_id=40"},"modified":"2021-04-18T11:41:49","modified_gmt":"2021-04-18T09:41:49","slug":"zentrifugal-muehlen","status":"publish","type":"page","link":"https:\/\/stoll-maschinenbau.de\/index.php\/zentrifugal-muehlen\/","title":{"rendered":"Zentrifugal-M\u00fchlen"},"content":{"rendered":"\t\t<div data-elementor-type=\"wp-page\" data-elementor-id=\"40\" class=\"elementor elementor-40\">\n\t\t\t\t\t\t<section class=\"elementor-section elementor-top-section elementor-element elementor-element-019348c elementor-section-boxed elementor-section-height-default elementor-section-height-default\" data-id=\"019348c\" data-element_type=\"section\" data-e-type=\"section\">\n\t\t\t\t\t\t<div class=\"elementor-container elementor-column-gap-default\">\n\t\t\t\t\t<div class=\"elementor-column elementor-col-100 elementor-top-column elementor-element elementor-element-47b53fc\" data-id=\"47b53fc\" data-element_type=\"column\" data-e-type=\"column\">\n\t\t\t<div class=\"elementor-widget-wrap elementor-element-populated\">\n\t\t\t\t\t\t<div class=\"elementor-element elementor-element-03db548 elementor-widget-divider--view-line elementor-widget elementor-widget-divider\" data-id=\"03db548\" data-element_type=\"widget\" data-e-type=\"widget\" data-widget_type=\"divider.default\">\n\t\t\t\t<div class=\"elementor-widget-container\">\n\t\t\t\t\t\t\t<div class=\"elementor-divider\">\n\t\t\t<span class=\"elementor-divider-separator\">\n\t\t\t\t\t\t<\/span>\n\t\t<\/div>\n\t\t\t\t\t\t<\/div>\n\t\t\t\t<\/div>\n\t\t\t\t\t<\/div>\n\t\t<\/div>\n\t\t\t\t\t<\/div>\n\t\t<\/section>\n\t\t\t\t<section class=\"elementor-section elementor-top-section elementor-element elementor-element-2d362e6 elementor-section-boxed elementor-section-height-default elementor-section-height-default\" data-id=\"2d362e6\" data-element_type=\"section\" data-e-type=\"section\">\n\t\t\t\t\t\t<div class=\"elementor-container elementor-column-gap-default\">\n\t\t\t\t\t<div class=\"elementor-column elementor-col-100 elementor-top-column elementor-element elementor-element-c0983b3\" data-id=\"c0983b3\" data-element_type=\"column\" data-e-type=\"column\">\n\t\t\t<div class=\"elementor-widget-wrap elementor-element-populated\">\n\t\t\t\t\t\t<div class=\"elementor-element elementor-element-a5022a9 elementor-widget elementor-widget-text-editor\" data-id=\"a5022a9\" data-element_type=\"widget\" data-e-type=\"widget\" data-widget_type=\"text-editor.default\">\n\t\t\t\t<div class=\"elementor-widget-container\">\n\t\t\t\t\t\t\t\t\t<p><b>\u2022 Ankauf und Reparatur von Wind- Zentrofanm\u00fchlen<br \/><\/b><b>\u2022 Zubeh\u00f6r: Windr\u00e4der und Mahlsteine f\u00fcr Wirbel- und Zentrofanm\u00fchlen<\/b><\/p>\t\t\t\t\t\t\t\t<\/div>\n\t\t\t\t<\/div>\n\t\t\t\t\t<\/div>\n\t\t<\/div>\n\t\t\t\t\t<\/div>\n\t\t<\/section>\n\t\t\t\t<section class=\"elementor-section elementor-top-section elementor-element elementor-element-ce04823 elementor-section-boxed elementor-section-height-default elementor-section-height-default\" data-id=\"ce04823\" data-element_type=\"section\" data-e-type=\"section\">\n\t\t\t\t\t\t<div class=\"elementor-container elementor-column-gap-default\">\n\t\t\t\t\t<div class=\"elementor-column elementor-col-100 elementor-top-column elementor-element elementor-element-6d8a3a7\" data-id=\"6d8a3a7\" data-element_type=\"column\" data-e-type=\"column\">\n\t\t\t<div class=\"elementor-widget-wrap elementor-element-populated\">\n\t\t\t\t\t\t<div class=\"elementor-element elementor-element-74bb8fa elementor-widget-divider--view-line elementor-widget elementor-widget-divider\" data-id=\"74bb8fa\" data-element_type=\"widget\" data-e-type=\"widget\" data-widget_type=\"divider.default\">\n\t\t\t\t<div class=\"elementor-widget-container\">\n\t\t\t\t\t\t\t<div class=\"elementor-divider\">\n\t\t\t<span class=\"elementor-divider-separator\">\n\t\t\t\t\t\t<\/span>\n\t\t<\/div>\n\t\t\t\t\t\t<\/div>\n\t\t\t\t<\/div>\n\t\t\t\t\t<\/div>\n\t\t<\/div>\n\t\t\t\t\t<\/div>\n\t\t<\/section>\n\t\t\t\t<section class=\"elementor-section elementor-top-section elementor-element elementor-element-946158e elementor-section-boxed elementor-section-height-default elementor-section-height-default\" data-id=\"946158e\" data-element_type=\"section\" data-e-type=\"section\">\n\t\t\t\t\t\t<div class=\"elementor-container elementor-column-gap-default\">\n\t\t\t\t\t<div class=\"elementor-column elementor-col-100 elementor-top-column elementor-element elementor-element-9d029c6\" data-id=\"9d029c6\" data-element_type=\"column\" data-e-type=\"column\">\n\t\t\t<div class=\"elementor-widget-wrap elementor-element-populated\">\n\t\t\t\t\t\t<div class=\"elementor-element elementor-element-e27f27d elementor-widget elementor-widget-text-editor\" data-id=\"e27f27d\" data-element_type=\"widget\" data-e-type=\"widget\" data-widget_type=\"text-editor.default\">\n\t\t\t\t<div class=\"elementor-widget-container\">\n\t\t\t\t\t\t\t\t\t<p><strong style=\"color: #000000; font-family: 'Trebuchet MS', Arial, Helvetica, sans-serif; font-size: 13px;\"><span class=\"style4\" style=\"font-size: large;\">2 Jahre Entwicklung\u00a0\u00a0\u00a0\u00a0 NEU &#8211; VERBESSERT &#8211; PERFEKTIONIERT<br \/><span class=\"style5\" style=\"color: blue;\">Keiner mahlt feiner !<\/span><\/span><br \/><br \/><b>Getreide Vollkornm\u00fchle, Mahltechnik nach Ing. Schulte<\/b><br \/>&#8211; weiterentwickelte Zentrowirbelmahltechnik (&#8222;Wirbelm\u00fchle&#8220; &amp; &#8222;Zentrofanm\u00fchle&#8220;)<br \/>&#8211; SPS gesteuert<br \/>&#8211; einfache Bedienung<br \/>&#8211; automatische Einstellung f\u00fcr alle Getreidesorten<br \/>&#8211; selbstst\u00e4ndiges Reinigungsprogramm<br \/>&#8211; kein verstopfen<br \/>&#8211; stufenlos verstellbarer Mehlauswurf<br \/>&#8211; leichte staubfreie Mehlentnahme<br \/>&#8211; 24 Stunden Betrieb<br \/>&#8211; feinste Mehle<br \/>&#8211; Kleie komplett vermahlen<b><br \/><br \/>z.B. Dinkelmehl<br \/>10% 125my<br \/>5%\u00a0\u00a0\u00a0\u00a0\u00a090my<br \/>5%\u00a0\u00a0\u00a0\u00a0\u00a063my<br \/>5%\u00a0\u00a0\u00a0\u00a0\u00a045my<br \/>75%\u00a0\u00a0\u00a032my<\/b><\/strong><\/p>\t\t\t\t\t\t\t\t<\/div>\n\t\t\t\t<\/div>\n\t\t\t\t\t<\/div>\n\t\t<\/div>\n\t\t\t\t\t<\/div>\n\t\t<\/section>\n\t\t\t\t<section class=\"elementor-section elementor-top-section elementor-element elementor-element-086818e elementor-section-boxed elementor-section-height-default elementor-section-height-default\" data-id=\"086818e\" data-element_type=\"section\" data-e-type=\"section\">\n\t\t\t\t\t\t<div class=\"elementor-container elementor-column-gap-default\">\n\t\t\t\t\t<div class=\"elementor-column elementor-col-100 elementor-top-column elementor-element elementor-element-c3b8fe5\" data-id=\"c3b8fe5\" data-element_type=\"column\" data-e-type=\"column\">\n\t\t\t<div class=\"elementor-widget-wrap\">\n\t\t\t\t\t\t\t<\/div>\n\t\t<\/div>\n\t\t\t\t\t<\/div>\n\t\t<\/section>\n\t\t\t\t<section class=\"elementor-section elementor-top-section elementor-element elementor-element-0cb4427 elementor-section-boxed elementor-section-height-default elementor-section-height-default\" data-id=\"0cb4427\" data-element_type=\"section\" data-e-type=\"section\">\n\t\t\t\t\t\t<div class=\"elementor-container elementor-column-gap-default\">\n\t\t\t\t\t<div class=\"elementor-column elementor-col-100 elementor-top-column elementor-element elementor-element-d3bdd53\" data-id=\"d3bdd53\" data-element_type=\"column\" data-e-type=\"column\">\n\t\t\t<div class=\"elementor-widget-wrap elementor-element-populated\">\n\t\t\t\t\t\t<div class=\"elementor-element elementor-element-ad8f2ae elementor-widget elementor-widget-image-gallery\" data-id=\"ad8f2ae\" data-element_type=\"widget\" data-e-type=\"widget\" data-widget_type=\"image-gallery.default\">\n\t\t\t\t<div class=\"elementor-widget-container\">\n\t\t\t\t\t\t\t<div class=\"elementor-image-gallery\">\n\t\t\t<div id='gallery-1' class='gallery galleryid-40 gallery-columns-2 gallery-size-medium'><figure class='gallery-item'>\n\t\t\t<div class='gallery-icon portrait'>\n\t\t\t\t<a data-elementor-open-lightbox=\"yes\" data-elementor-lightbox-slideshow=\"ad8f2ae\" data-elementor-lightbox-title=\"Muehlenstar-Holz\" data-e-action-hash=\"#elementor-action%3Aaction%3Dlightbox%26settings%3DeyJpZCI6NzgsInVybCI6Imh0dHA6XC9cL3N0b2xsLW1hc2NoaW5lbmJhdS5kZVwvd3AtY29udGVudFwvdXBsb2Fkc1wvMjAyMVwvMDRcL011ZWhsZW5zdGFyLUhvbHoucG5nIiwic2xpZGVzaG93IjoiYWQ4ZjJhZSJ9\" href='http:\/\/stoll-maschinenbau.de\/wp-content\/uploads\/2021\/04\/Muehlenstar-Holz.png'><img fetchpriority=\"high\" decoding=\"async\" width=\"200\" height=\"300\" src=\"http:\/\/stoll-maschinenbau.de\/wp-content\/uploads\/2021\/04\/Muehlenstar-Holz-200x300.png\" class=\"attachment-medium size-medium\" alt=\"\" srcset=\"http:\/\/stoll-maschinenbau.de\/wp-content\/uploads\/2021\/04\/Muehlenstar-Holz-200x300.png 200w, http:\/\/stoll-maschinenbau.de\/wp-content\/uploads\/2021\/04\/Muehlenstar-Holz.png 500w\" sizes=\"(max-width: 200px) 100vw, 200px\" \/><\/a>\n\t\t\t<\/div><\/figure><figure class='gallery-item'>\n\t\t\t<div class='gallery-icon portrait'>\n\t\t\t\t<a data-elementor-open-lightbox=\"yes\" data-elementor-lightbox-slideshow=\"ad8f2ae\" data-elementor-lightbox-title=\"Muehlenstar-Mehltonne\" data-e-action-hash=\"#elementor-action%3Aaction%3Dlightbox%26settings%3DeyJpZCI6NzcsInVybCI6Imh0dHA6XC9cL3N0b2xsLW1hc2NoaW5lbmJhdS5kZVwvd3AtY29udGVudFwvdXBsb2Fkc1wvMjAyMVwvMDRcL011ZWhsZW5zdGFyLU1laGx0b25uZS5wbmciLCJzbGlkZXNob3ciOiJhZDhmMmFlIn0%3D\" href='http:\/\/stoll-maschinenbau.de\/wp-content\/uploads\/2021\/04\/Muehlenstar-Mehltonne.png'><img decoding=\"async\" width=\"200\" height=\"300\" src=\"http:\/\/stoll-maschinenbau.de\/wp-content\/uploads\/2021\/04\/Muehlenstar-Mehltonne-200x300.png\" class=\"attachment-medium size-medium\" alt=\"\" srcset=\"http:\/\/stoll-maschinenbau.de\/wp-content\/uploads\/2021\/04\/Muehlenstar-Mehltonne-200x300.png 200w, http:\/\/stoll-maschinenbau.de\/wp-content\/uploads\/2021\/04\/Muehlenstar-Mehltonne.png 500w\" sizes=\"(max-width: 200px) 100vw, 200px\" \/><\/a>\n\t\t\t<\/div><\/figure><figure class='gallery-item'>\n\t\t\t<div class='gallery-icon portrait'>\n\t\t\t\t<a data-elementor-open-lightbox=\"yes\" data-elementor-lightbox-slideshow=\"ad8f2ae\" data-elementor-lightbox-title=\"Muehlenstar-MS5\" data-e-action-hash=\"#elementor-action%3Aaction%3Dlightbox%26settings%3DeyJpZCI6NzYsInVybCI6Imh0dHA6XC9cL3N0b2xsLW1hc2NoaW5lbmJhdS5kZVwvd3AtY29udGVudFwvdXBsb2Fkc1wvMjAyMVwvMDRcL011ZWhsZW5zdGFyLU1TNS5wbmciLCJzbGlkZXNob3ciOiJhZDhmMmFlIn0%3D\" href='http:\/\/stoll-maschinenbau.de\/wp-content\/uploads\/2021\/04\/Muehlenstar-MS5.png'><img decoding=\"async\" width=\"200\" height=\"300\" src=\"http:\/\/stoll-maschinenbau.de\/wp-content\/uploads\/2021\/04\/Muehlenstar-MS5-200x300.png\" class=\"attachment-medium size-medium\" alt=\"\" srcset=\"http:\/\/stoll-maschinenbau.de\/wp-content\/uploads\/2021\/04\/Muehlenstar-MS5-200x300.png 200w, http:\/\/stoll-maschinenbau.de\/wp-content\/uploads\/2021\/04\/Muehlenstar-MS5.png 500w\" sizes=\"(max-width: 200px) 100vw, 200px\" \/><\/a>\n\t\t\t<\/div><\/figure><figure class='gallery-item'>\n\t\t\t<div class='gallery-icon portrait'>\n\t\t\t\t<a data-elementor-open-lightbox=\"yes\" data-elementor-lightbox-slideshow=\"ad8f2ae\" data-elementor-lightbox-title=\"Muehlenstar-MS20\" data-e-action-hash=\"#elementor-action%3Aaction%3Dlightbox%26settings%3DeyJpZCI6NzUsInVybCI6Imh0dHA6XC9cL3N0b2xsLW1hc2NoaW5lbmJhdS5kZVwvd3AtY29udGVudFwvdXBsb2Fkc1wvMjAyMVwvMDRcL011ZWhsZW5zdGFyLU1TMjAucG5nIiwic2xpZGVzaG93IjoiYWQ4ZjJhZSJ9\" href='http:\/\/stoll-maschinenbau.de\/wp-content\/uploads\/2021\/04\/Muehlenstar-MS20.png'><img loading=\"lazy\" decoding=\"async\" width=\"200\" height=\"300\" src=\"http:\/\/stoll-maschinenbau.de\/wp-content\/uploads\/2021\/04\/Muehlenstar-MS20-200x300.png\" class=\"attachment-medium size-medium\" alt=\"\" srcset=\"http:\/\/stoll-maschinenbau.de\/wp-content\/uploads\/2021\/04\/Muehlenstar-MS20-200x300.png 200w, http:\/\/stoll-maschinenbau.de\/wp-content\/uploads\/2021\/04\/Muehlenstar-MS20.png 500w\" sizes=\"(max-width: 200px) 100vw, 200px\" \/><\/a>\n\t\t\t<\/div><\/figure>\n\t\t<\/div>\n\t\t<\/div>\n\t\t\t\t\t\t<\/div>\n\t\t\t\t<\/div>\n\t\t\t\t\t<\/div>\n\t\t<\/div>\n\t\t\t\t\t<\/div>\n\t\t<\/section>\n\t\t\t\t<section class=\"elementor-section elementor-top-section elementor-element elementor-element-ef151da elementor-section-boxed elementor-section-height-default elementor-section-height-default\" data-id=\"ef151da\" data-element_type=\"section\" data-e-type=\"section\">\n\t\t\t\t\t\t<div class=\"elementor-container elementor-column-gap-default\">\n\t\t\t\t\t<div class=\"elementor-column elementor-col-100 elementor-top-column elementor-element elementor-element-6ab0872\" data-id=\"6ab0872\" data-element_type=\"column\" data-e-type=\"column\">\n\t\t\t<div class=\"elementor-widget-wrap elementor-element-populated\">\n\t\t\t\t\t\t<div class=\"elementor-element elementor-element-4430f35 elementor-position-top elementor-widget elementor-widget-image-box\" data-id=\"4430f35\" data-element_type=\"widget\" data-e-type=\"widget\" data-widget_type=\"image-box.default\">\n\t\t\t\t<div class=\"elementor-widget-container\">\n\t\t\t\t\t<div class=\"elementor-image-box-wrapper\"><figure class=\"elementor-image-box-img\"><img loading=\"lazy\" decoding=\"async\" width=\"229\" height=\"287\" src=\"http:\/\/stoll-maschinenbau.de\/wp-content\/uploads\/2021\/04\/Einlegring-02.png\" class=\"attachment-medium size-medium wp-image-82\" alt=\"\" \/><\/figure><div class=\"elementor-image-box-content\"><p class=\"elementor-image-box-description\">Keine Einlegringe notwendig, stufenlose Verstellm\u00f6glichkeit.<\/p><\/div><\/div>\t\t\t\t<\/div>\n\t\t\t\t<\/div>\n\t\t\t\t<div class=\"elementor-element elementor-element-e8be9e0 elementor-position-top elementor-widget elementor-widget-image-box\" data-id=\"e8be9e0\" data-element_type=\"widget\" data-e-type=\"widget\" data-widget_type=\"image-box.default\">\n\t\t\t\t<div class=\"elementor-widget-container\">\n\t\t\t\t\t<div class=\"elementor-image-box-wrapper\"><figure class=\"elementor-image-box-img\"><img loading=\"lazy\" decoding=\"async\" width=\"383\" height=\"287\" src=\"http:\/\/stoll-maschinenbau.de\/wp-content\/uploads\/2021\/04\/lava-basalt-stein.png\" class=\"attachment-full size-full wp-image-79\" alt=\"\" srcset=\"https:\/\/stoll-maschinenbau.de\/wp-content\/uploads\/2021\/04\/lava-basalt-stein.png 383w, https:\/\/stoll-maschinenbau.de\/wp-content\/uploads\/2021\/04\/lava-basalt-stein-300x225.png 300w\" sizes=\"(max-width: 383px) 100vw, 383px\" \/><\/figure><div class=\"elementor-image-box-content\"><p class=\"elementor-image-box-description\">Granit Mahlring \/ ab sofort auch mit Lava Basalt Stein lieferbar.<\/p><\/div><\/div>\t\t\t\t<\/div>\n\t\t\t\t<\/div>\n\t\t\t\t<div class=\"elementor-element elementor-element-12aaacb elementor-position-top elementor-widget elementor-widget-image-box\" data-id=\"12aaacb\" data-element_type=\"widget\" data-e-type=\"widget\" data-widget_type=\"image-box.default\">\n\t\t\t\t<div class=\"elementor-widget-container\">\n\t\t\t\t\t<div class=\"elementor-image-box-wrapper\"><figure class=\"elementor-image-box-img\"><img loading=\"lazy\" decoding=\"async\" width=\"1000\" height=\"1333\" src=\"http:\/\/stoll-maschinenbau.de\/wp-content\/uploads\/2021\/04\/Zentrufan.jpg\" class=\"attachment-full size-full wp-image-80\" alt=\"\" srcset=\"https:\/\/stoll-maschinenbau.de\/wp-content\/uploads\/2021\/04\/Zentrufan.jpg 1000w, https:\/\/stoll-maschinenbau.de\/wp-content\/uploads\/2021\/04\/Zentrufan-225x300.jpg 225w, https:\/\/stoll-maschinenbau.de\/wp-content\/uploads\/2021\/04\/Zentrufan-768x1024.jpg 768w\" sizes=\"(max-width: 1000px) 100vw, 1000px\" \/><\/figure><div class=\"elementor-image-box-content\"><p class=\"elementor-image-box-description\">Dosierung f\u00fcr Zentrufan M\u00fchle.<\/p><\/div><\/div>\t\t\t\t<\/div>\n\t\t\t\t<\/div>\n\t\t\t\t\t<\/div>\n\t\t<\/div>\n\t\t\t\t\t<\/div>\n\t\t<\/section>\n\t\t\t\t<\/div>\n\t\t","protected":false},"excerpt":{"rendered":"<p>\u2022 Ankauf und Reparatur von Wind- Zentrofanm\u00fchlen\u2022 Zubeh\u00f6r: Windr\u00e4der und Mahlsteine f\u00fcr Wirbel- und Zentrofanm\u00fchlen 2 Jahre Entwicklung\u00a0\u00a0\u00a0\u00a0 NEU &#8211; VERBESSERT &#8211; PERFEKTIONIERTKeiner mahlt feiner ! Getreide Vollkornm\u00fchle, Mahltechnik nach Ing. Schulte&#8211; weiterentwickelte Zentrowirbelmahltechnik (&#8222;Wirbelm\u00fchle&#8220; &amp; &#8222;Zentrofanm\u00fchle&#8220;)&#8211; SPS gesteuert&#8211; einfache Bedienung&#8211; automatische Einstellung f\u00fcr alle Getreidesorten&#8211; selbstst\u00e4ndiges Reinigungsprogramm&#8211; kein verstopfen&#8211; stufenlos verstellbarer Mehlauswurf&#8211; leichte staubfreie &#8230; <a title=\"Zentrifugal-M\u00fchlen\" class=\"read-more\" href=\"https:\/\/stoll-maschinenbau.de\/index.php\/zentrifugal-muehlen\/\" aria-label=\"Mehr Informationen \u00fcber Zentrifugal-M\u00fchlen\">Weiterlesen<\/a><\/p>\n","protected":false},"author":1,"featured_media":0,"parent":0,"menu_order":0,"comment_status":"closed","ping_status":"closed","template":"","meta":{"footnotes":""},"class_list":["post-40","page","type-page","status-publish"],"_links":{"self":[{"href":"https:\/\/stoll-maschinenbau.de\/index.php\/wp-json\/wp\/v2\/pages\/40","targetHints":{"allow":["GET"]}}],"collection":[{"href":"https:\/\/stoll-maschinenbau.de\/index.php\/wp-json\/wp\/v2\/pages"}],"about":[{"href":"https:\/\/stoll-maschinenbau.de\/index.php\/wp-json\/wp\/v2\/types\/page"}],"author":[{"embeddable":true,"href":"https:\/\/stoll-maschinenbau.de\/index.php\/wp-json\/wp\/v2\/users\/1"}],"replies":[{"embeddable":true,"href":"https:\/\/stoll-maschinenbau.de\/index.php\/wp-json\/wp\/v2\/comments?post=40"}],"version-history":[{"count":16,"href":"https:\/\/stoll-maschinenbau.de\/index.php\/wp-json\/wp\/v2\/pages\/40\/revisions"}],"predecessor-version":[{"id":97,"href":"https:\/\/stoll-maschinenbau.de\/index.php\/wp-json\/wp\/v2\/pages\/40\/revisions\/97"}],"wp:attachment":[{"href":"https:\/\/stoll-maschinenbau.de\/index.php\/wp-json\/wp\/v2\/media?parent=40"}],"curies":[{"name":"wp","href":"https:\/\/api.w.org\/{rel}","templated":true}]}}