{"id":2,"date":"2020-03-03T12:54:52","date_gmt":"2020-03-03T11:54:52","guid":{"rendered":"http:\/\/test.stoll-maschinenbau.de\/?page_id=2"},"modified":"2022-10-21T16:45:24","modified_gmt":"2022-10-21T14:45:24","slug":"beispiel-seite","status":"publish","type":"page","link":"https:\/\/stoll-maschinenbau.de\/","title":{"rendered":"Home"},"content":{"rendered":"<p style=\"text-align: left;\"><strong>Leistungen:<\/strong><br \/>\n&#8211; An- und Verkauf von gebrauchten Nudelmaschinen, M\u00fchlen und Zusatzteile aller Fabrikate<br \/>\n&#8211; Reparaturen aller Fabrikate<\/p>\n<h4><strong>Angebote:<\/strong><br \/>\n&#8211; gebrauchte Nudelmaschinen &#8211; Maultaschenmaschinen &#8211; M\u00fchlen<br \/>\n&#8211; Ersatzteile f\u00fcr Zentrifugen-Zentrofan-Wirbelm\u00fchlen<br \/>\n&#8211; Ersatzteile f\u00fcr Nudelmaschinen<br \/>\n&#8211; Ersatzteile f\u00fcr Trockner<br \/>\n&#8211; Matrizeneins\u00e4tze &#8211; Matrizen<br \/>\n&#8211; Sonstiges<\/h4>\n<p><a href=\"http:\/\/stoll-maschinenbau.de\/index.php\/angebote\/\"><strong>Lagerbestand:<\/strong><\/a><br \/>\n&#8211; Tetrapackmaschine mit Schraubverschluss, 250 Packungen\/h<br \/>\n&#8211; Nudelmaschine, 25kg\/h<br \/>\n&#8211; Zentrofanm\u00fchle<br \/>\n&#8211; Wirbelm\u00fchle<br \/>\n&#8211; Zentrifugalm\u00fchle MS5<\/p>\n","protected":false},"excerpt":{"rendered":"<p>Leistungen: &#8211; An- und Verkauf von gebrauchten Nudelmaschinen, M\u00fchlen und Zusatzteile aller Fabrikate &#8211; Reparaturen aller Fabrikate Angebote: &#8211; gebrauchte Nudelmaschinen &#8211; Maultaschenmaschinen &#8211; M\u00fchlen &#8211; Ersatzteile f\u00fcr Zentrifugen-Zentrofan-Wirbelm\u00fchlen &#8211; Ersatzteile f\u00fcr Nudelmaschinen &#8211; Ersatzteile f\u00fcr Trockner &#8211; Matrizeneins\u00e4tze &#8211; Matrizen &#8211; Sonstiges Lagerbestand: &#8211; Tetrapackmaschine mit Schraubverschluss, 250 Packungen\/h &#8211; Nudelmaschine, 25kg\/h &#8211; Zentrofanm\u00fchle &#8230; <a title=\"Home\" class=\"read-more\" href=\"https:\/\/stoll-maschinenbau.de\/\" aria-label=\"Mehr Informationen \u00fcber Home\">Weiterlesen<\/a><\/p>\n","protected":false},"author":1,"featured_media":0,"parent":0,"menu_order":0,"comment_status":"closed","ping_status":"open","template":"","meta":{"footnotes":""},"class_list":["post-2","page","type-page","status-publish"],"_links":{"self":[{"href":"https:\/\/stoll-maschinenbau.de\/index.php\/wp-json\/wp\/v2\/pages\/2","targetHints":{"allow":["GET"]}}],"collection":[{"href":"https:\/\/stoll-maschinenbau.de\/index.php\/wp-json\/wp\/v2\/pages"}],"about":[{"href":"https:\/\/stoll-maschinenbau.de\/index.php\/wp-json\/wp\/v2\/types\/page"}],"author":[{"embeddable":true,"href":"https:\/\/stoll-maschinenbau.de\/index.php\/wp-json\/wp\/v2\/users\/1"}],"replies":[{"embeddable":true,"href":"https:\/\/stoll-maschinenbau.de\/index.php\/wp-json\/wp\/v2\/comments?post=2"}],"version-history":[{"count":19,"href":"https:\/\/stoll-maschinenbau.de\/index.php\/wp-json\/wp\/v2\/pages\/2\/revisions"}],"predecessor-version":[{"id":176,"href":"https:\/\/stoll-maschinenbau.de\/index.php\/wp-json\/wp\/v2\/pages\/2\/revisions\/176"}],"wp:attachment":[{"href":"https:\/\/stoll-maschinenbau.de\/index.php\/wp-json\/wp\/v2\/media?parent=2"}],"curies":[{"name":"wp","href":"https:\/\/api.w.org\/{rel}","templated":true}]}}